{"id":862,"date":"2026-01-10T20:33:28","date_gmt":"2026-01-10T19:33:28","guid":{"rendered":"https:\/\/delhaize.qreative.be\/datenschutzerklaerung\/"},"modified":"2026-01-10T21:04:14","modified_gmt":"2026-01-10T20:04:14","slug":"datenschutzerklaerung","status":"publish","type":"page","link":"https:\/\/delhaize-wezembeek.be\/de\/datenschutzerklaerung\/","title":{"rendered":"Datenschutzerkl\u00e4rung"},"content":{"rendered":"\t\t<div data-elementor-type=\"wp-page\" data-elementor-id=\"862\" class=\"elementor elementor-862 elementor-682\" data-elementor-post-type=\"page\">\n\t\t\t\t<div class=\"elementor-element elementor-element-09e7cf2 e-flex e-con-boxed e-con e-parent\" data-id=\"09e7cf2\" data-element_type=\"container\" data-e-type=\"container\">\n\t\t\t\t\t<div class=\"e-con-inner\">\n\t\t\t\t<div class=\"elementor-element elementor-element-4ffcd47 elementor-widget elementor-widget-text-editor\" data-id=\"4ffcd47\" data-element_type=\"widget\" data-e-type=\"widget\" data-widget_type=\"text-editor.default\">\n\t\t\t\t\t\t\t\t\t<h2>A. Einleitung<\/h2><p>1. Die Privatsph\u00e4re der Besucher unserer Website ist uns sehr wichtig, und wir verpflichten uns, diese zu sch\u00fctzen. Diese Richtlinie erkl\u00e4rt, was wir mit deinen pers\u00f6nlichen Daten tun.<br>2. Wenn du der Verwendung von Cookies gem\u00e4\u00df den Bestimmungen dieser Richtlinie zustimmst, wenn du unsere Website zum ersten Mal besuchst, k\u00f6nnen wir Cookies bei jedem deiner Besuche auf unserer Website verwenden. <\/p><h2>B. Welche Arten von Daten werden gesammelt?<\/h2><p>Wenn du unsere Website besuchst, k\u00f6nnen folgende Daten gesammelt, gespeichert und verwendet werden:<br>1. Informationen \u00fcber deinen Computer, einschlie\u00dflich deiner IP-Adresse, deines geografischen Standorts, deiner Telefonnummer, des Typs und der Version deines Internetbrowsers sowie des verwendeten Betriebssystems.<br>2. Informationen \u00fcber die Anzahl der Besuche und deine Nutzung dieser Website, einschlie\u00dflich der verweisenden Quelle, der Dauer des Besuchs, der angesehenen Seiten und der Navigationspfade auf der Website.<br>3. Informationen, die du bei der Registrierung auf unserer Website eingibst, wie z.B. deine E-Mail-Adresse.<br>4. Informationen, die du eingibst, wenn du ein Kontaktformular ausf\u00fcllst, \u00fcber den Chat mit unseren Teams kommunizierst, einen telefonischen R\u00fcckruf anforderst oder einen Termin vereinbarst. (Erforderliche Informationen f\u00fcr die gew\u00fcnschte Interaktion: Name, Vorname, Telefonnummer, E-Mail-Adresse, Geburtsdatum, Geschlecht, Details zur Anfrage usw.)<br>5. Informationen, die du eingibst, um unsere E-Mails und\/oder Newsletter zu abonnieren.<br>6. Informationen, die du auf unserer Website mit der Absicht ver\u00f6ffentlichst, sie im Internet zu publizieren (Ver\u00f6ffentlichung von Kommentaren).<br>7. Alle anderen pers\u00f6nlichen Informationen, die du uns sendest. <\/p><h2>C. Verwendung pers\u00f6nlicher Daten<\/h2><p>Pers\u00f6nliche Daten, die uns \u00fcber unsere Website \u00fcbermittelt werden, werden f\u00fcr die in dieser Richtlinie oder auf den relevanten Seiten der Website angegebenen Zwecke verwendet.<br>Wir k\u00f6nnen deine pers\u00f6nlichen Daten f\u00fcr folgende Zwecke verwenden:<br>1. Verwaltung unserer Website und unserer Aktivit\u00e4ten<br>2. Personalisierung unserer Website f\u00fcr dich<br>3. Erm\u00f6glichung deiner Nutzung der auf unserer Website verf\u00fcgbaren Dienste<br>4. Bereitstellung der \u00fcber unsere Website angeforderten Dienste<br>5. Zusendung von kommerziellen und\/oder Marketingmitteilungen an dich<br>6. Zusendung von E-Mail-Benachrichtigungen, die du speziell angefordert hast.<br>7. Zusendung unseres Newsletters per E-Mail, wenn du dich daf\u00fcr angemeldet hast (du kannst dich jederzeit abmelden).<br>8. Bearbeitung von Anfragen und Beschwerden, die von dir oder \u00fcber dich bez\u00fcglich unserer Website gestellt werden<br>9. Sicherstellung der Sicherheit unserer Website und Betrugspr\u00e4vention.<br>10. \u00dcberpr\u00fcfung der Einhaltung der Nutzungsbedingungen f\u00fcr die Dienste unserer Website<br>11. Organisation von Gewinnspielen<br>12. Bearbeitung von Anfragen bez\u00fcglich des Rechts auf Zugang, Berichtigung und Widerspruch.<br>13. Andere Verwendungen<br>Ohne deine ausdr\u00fcckliche Zustimmung werden wir deine pers\u00f6nlichen Daten nicht an Dritte f\u00fcr deren Direktmarketing oder das Direktmarketing anderer Dritter weitergeben.<\/p><h2>D. Offenlegung pers\u00f6nlicher Daten<\/h2><p>Wir k\u00f6nnen deine pers\u00f6nlichen Daten unseren Mitarbeitern oder F\u00fchrungskr\u00e4ften, unseren Versicherern, unseren professionellen Beratern, unseren Agenten, unseren Lieferanten oder Subunternehmern in angemessener Weise und soweit dies f\u00fcr die in dieser Richtlinie genannten Zwecke erforderlich ist, offenlegen.<br>Wir behalten uns jedoch das Recht vor, deine pers\u00f6nlichen Daten zu verwenden oder \u00f6ffentlich zu machen, wenn dies gesetzlich vorgeschrieben ist, wenn die Wahrung der Integrit\u00e4t der Website dies erfordert, um deiner Anfrage nachzukommen oder um an einem Gerichtsverfahren oder einer Angelegenheit von \u00f6ffentlichem Interesse mitzuwirken.<br>Mit Ausnahme der in dieser Richtlinie vorgesehenen F\u00e4lle werden wir deine pers\u00f6nlichen Daten nicht an Dritte weitergeben.<\/p><h2>E. Verwendung von Cookies<\/h2><p>1. Speicherdauer von Cookies<br>Wir verwenden Cookies, um dir die beste Erfahrung auf unserer Website zu gew\u00e4hrleisten.<br>Google Analytics: Diese Cookies sammeln anonyme Informationen dar\u00fcber, wie du unsere Website als Besucher nutzt. Ziel ist es, unsere Website zu verbessern und besser an die Bed\u00fcrfnisse der Besucher anzupassen. Wir sammeln keine personenbezogenen Daten. Speicherdauer der Informationen: 38 Monate.<br>2. Zweck der Cookies<br>Cookies k\u00f6nnen f\u00fcr statistische Zwecke verwendet werden, insbesondere zur Optimierung der dem Nutzer angebotenen Dienste, basierend auf der Verarbeitung von Informationen \u00fcber die Zugriffsh\u00e4ufigkeit, die Personalisierung der Seiten sowie die durchgef\u00fchrten Operationen und die konsultierten Informationen.<br>Du wirst dar\u00fcber informiert, dass der Betreiber dieser Website m\u00f6glicherweise Cookies auf deinem Endger\u00e4t ablegt. Das Cookie speichert Informationen zur Navigation auf dem Dienst (die von dir besuchten Seiten, Datum und Uhrzeit des Besuchs\u2026), die wir bei deinen sp\u00e4teren Besuchen auslesen k\u00f6nnen.<br>3. Recht des Nutzers, Cookies abzulehnen<br>Du best\u00e4tigst, dar\u00fcber informiert worden zu sein, dass der Betreiber dieser Website Cookies verwenden kann. Wenn du nicht m\u00f6chtest, dass Cookies auf deinem Endger\u00e4t verwendet werden, erm\u00f6glichen dir die meisten Browser, Cookies \u00fcber die Einstellungen zu deaktivieren.     <\/p><h2>F. Speicherung technischer Daten<\/h2><p>1. Speicherdauer technischer Daten<br>Technische Daten werden f\u00fcr die Dauer gespeichert, die zur Erreichung der oben genannten Zwecke unbedingt erforderlich ist.<\/p><h2>G. Speicherdauer pers\u00f6nlicher Daten und Anonymisierung<\/h2><p>1. Speicherung von Daten w\u00e4hrend der Vertragslaufzeit<br>Personenbezogene Daten, die verarbeitet werden, werden nicht l\u00e4nger aufbewahrt, als es f\u00fcr die Erf\u00fcllung der bei Vertragsabschluss definierten Pflichten oder der vordefinierten Dauer der Vertragsbeziehung erforderlich ist.<br>2. Speicherung anonymisierter Daten \u00fcber die Vertragslaufzeit hinaus \/ nach L\u00f6schung des Kundenkontos.<br>Wir speichern pers\u00f6nliche Daten f\u00fcr die Dauer, die zur Erreichung der in dieser Datenschutzrichtlinie beschriebenen Zwecke unbedingt erforderlich ist. Nach Ablauf dieser Frist werden sie anonymisiert und ausschlie\u00dflich zu statistischen Zwecken aufbewahrt und in keiner Weise weiterverwendet.<br>3. L\u00f6schung von Daten nach Kontol\u00f6schung<br>Es werden Datenbereinigungsma\u00dfnahmen implementiert, um die effektive L\u00f6schung der Daten zu gew\u00e4hrleisten, sobald die f\u00fcr die Erf\u00fcllung der festgelegten oder auferlegten Zwecke erforderliche Aufbewahrungs- oder Archivierungsdauer erreicht ist. Du hast au\u00dferdem ein Recht auf L\u00f6schung deiner Daten, das du jederzeit durch Kontaktaufnahme mit dem Betreiber dieser Website aus\u00fcben kannst.  <\/p><h2>H. \u00c4nderungen dieser Datenschutzrichtlinie<\/h2><p>Wir k\u00f6nnen diese Richtlinie von Zeit zu Zeit aktualisieren, indem wir eine neue Version auf unserer Website ver\u00f6ffentlichen.<\/p><h2>I. Information des Nutzers im Falle einer Sicherheitsl\u00fccke<\/h2><p>Wir verpflichten uns, alle geeigneten technischen und organisatorischen Ma\u00dfnahmen zu ergreifen, um ein angemessenes Sicherheitsniveau im Hinblick auf die Risiken eines zuf\u00e4lligen, unbefugten oder illegalen Zugriffs, der Offenlegung, Ver\u00e4nderung, des Verlusts oder der Zerst\u00f6rung deiner pers\u00f6nlichen Daten zu gew\u00e4hrleisten. Sollten wir Kenntnis von einem illegalen Zugriff auf deine pers\u00f6nlichen Daten, die auf unseren Servern oder denen unserer Dienstleister gespeichert sind, oder von einem unbefugten Zugriff erhalten, der die oben genannten Risiken zur Folge hat, verpflichten wir uns dazu:<br>1. Dich so schnell wie m\u00f6glich \u00fcber den Vorfall zu informieren;<br>2. Die Ursachen des Vorfalls zu untersuchen und dich dar\u00fcber zu informieren;<br>3. Im Rahmen des Zumutbaren die notwendigen Ma\u00dfnahmen zu ergreifen, um die negativen Auswirkungen und Sch\u00e4den, die aus diesem Vorfall entstehen k\u00f6nnen, zu mindern. <\/p><h2>J. Haftungsbeschr\u00e4nkung<\/h2><p>In keinem Fall k\u00f6nnen die oben genannten Verpflichtungen bez\u00fcglich der Benachrichtigung im Falle einer Sicherheitsl\u00fccke als Anerkennung einer Schuld oder Haftung f\u00fcr das Eintreten des betreffenden Vorfalls angesehen werden.<\/p><h2>K. Zugang und Datenportabilit\u00e4t<\/h2><p>Du kannst jederzeit Zugang zu deinen pers\u00f6nlichen Daten anfordern; du hast auch das Recht auf Berichtigung, \u00c4nderung oder L\u00f6schung deiner Daten. Eine Kopie deiner Daten kann dir ebenfalls zur Verf\u00fcgung gestellt werden. Diese Daten m\u00fcssen in einem offenen und leicht wiederverwendbaren Format bereitgestellt werden.  <\/p><h2>L. Vorabinformationen vor Fusion \/ \u00dcbernahme<\/h2><p>Sollten wir an einer Fusion, \u00dcbernahme oder einer anderen Form der Verm\u00f6gens\u00fcbertragung beteiligt sein, verpflichten wir uns, die Vertraulichkeit deiner pers\u00f6nlichen Daten zu gew\u00e4hrleisten und dich zu informieren, bevor diese \u00fcbertragen oder neuen Datenschutzbestimmungen unterworfen werden.<\/p><h2>M. Beschwerde<\/h2><p>Du hast das Recht, eine Beschwerde bei der Datenschutzbeh\u00f6rde einzureichen: <a href=\"https:\/\/www.autoriteprotectiondonnees.be\/citoyen\" target=\"_blank\" rel=\"noopener\">https:\/\/autoriteprotectiondonnees.be\/citoyen<\/a><\/p>\t\t\t\t\t\t\t\t<\/div>\n\t\t\t\t\t<\/div>\n\t\t\t\t<\/div>\n\t\t\t\t<\/div>\n\t\t","protected":false},"excerpt":{"rendered":"<p>A. Einleitung 1. Die Privatsph\u00e4re der Besucher unserer Website ist uns sehr wichtig, und wir verpflichten uns, diese zu sch\u00fctzen. Diese Richtlinie erkl\u00e4rt, was wir mit deinen pers\u00f6nlichen Daten tun.2. Wenn du der Verwendung von Cookies gem\u00e4\u00df den Bestimmungen dieser Richtlinie zustimmst, wenn du unsere Website zum ersten Mal besuchst, k\u00f6nnen wir Cookies bei jedem [&hellip;]<\/p>\n","protected":false},"author":1,"featured_media":0,"parent":0,"menu_order":0,"comment_status":"closed","ping_status":"closed","template":"","meta":{"inline_featured_image":false,"footnotes":""},"class_list":["post-862","page","type-page","status-publish","hentry"],"_links":{"self":[{"href":"https:\/\/delhaize-wezembeek.be\/de\/wp-json\/wp\/v2\/pages\/862","targetHints":{"allow":["GET"]}}],"collection":[{"href":"https:\/\/delhaize-wezembeek.be\/de\/wp-json\/wp\/v2\/pages"}],"about":[{"href":"https:\/\/delhaize-wezembeek.be\/de\/wp-json\/wp\/v2\/types\/page"}],"author":[{"embeddable":true,"href":"https:\/\/delhaize-wezembeek.be\/de\/wp-json\/wp\/v2\/users\/1"}],"replies":[{"embeddable":true,"href":"https:\/\/delhaize-wezembeek.be\/de\/wp-json\/wp\/v2\/comments?post=862"}],"version-history":[{"count":1,"href":"https:\/\/delhaize-wezembeek.be\/de\/wp-json\/wp\/v2\/pages\/862\/revisions"}],"predecessor-version":[{"id":863,"href":"https:\/\/delhaize-wezembeek.be\/de\/wp-json\/wp\/v2\/pages\/862\/revisions\/863"}],"wp:attachment":[{"href":"https:\/\/delhaize-wezembeek.be\/de\/wp-json\/wp\/v2\/media?parent=862"}],"curies":[{"name":"wp","href":"https:\/\/api.w.org\/{rel}","templated":true}]}}